{"id":135,"date":"2023-08-25T23:23:39","date_gmt":"2023-08-25T23:23:39","guid":{"rendered":"https:\/\/www.vdbh.ch\/?page_id=135"},"modified":"2023-08-25T23:36:17","modified_gmt":"2023-08-25T23:36:17","slug":"wir-setzen-auf-digitalisierung","status":"publish","type":"page","link":"https:\/\/www.vdbh.ch\/?page_id=135","title":{"rendered":"Wir setzen auf Digitalisierung"},"content":{"rendered":"\n<p class=\"has-medium-font-size\"><\/p>\n\n\n\n<div class=\"wp-block-media-text is-stacked-on-mobile is-vertically-aligned-top is-image-fill\" style=\"grid-template-columns:35% auto\"><figure class=\"wp-block-media-text__media\" style=\"background-image:url(https:\/\/www.vdbh.ch\/wp-content\/uploads\/2023\/08\/\u2014Pngtree\u2014isometric-view-of-interior-server_3754668-1024x574.jpg);background-position:22% 57%\"><img loading=\"lazy\" decoding=\"async\" width=\"1024\" height=\"574\" src=\"https:\/\/www.vdbh.ch\/wp-content\/uploads\/2023\/08\/\u2014Pngtree\u2014isometric-view-of-interior-server_3754668-1024x574.jpg\" alt=\"\" class=\"wp-image-140 size-full\" srcset=\"https:\/\/www.vdbh.ch\/wp-content\/uploads\/2023\/08\/\u2014Pngtree\u2014isometric-view-of-interior-server_3754668-1024x574.jpg 1024w, https:\/\/www.vdbh.ch\/wp-content\/uploads\/2023\/08\/\u2014Pngtree\u2014isometric-view-of-interior-server_3754668-300x168.jpg 300w, https:\/\/www.vdbh.ch\/wp-content\/uploads\/2023\/08\/\u2014Pngtree\u2014isometric-view-of-interior-server_3754668-768x430.jpg 768w, https:\/\/www.vdbh.ch\/wp-content\/uploads\/2023\/08\/\u2014Pngtree\u2014isometric-view-of-interior-server_3754668-1536x861.jpg 1536w, https:\/\/www.vdbh.ch\/wp-content\/uploads\/2023\/08\/\u2014Pngtree\u2014isometric-view-of-interior-server_3754668-2048x1148.jpg 2048w\" sizes=\"auto, (max-width: 1024px) 100vw, 1024px\" \/><\/figure><div class=\"wp-block-media-text__content\">\n<p>Unsere ganzheitlichen Dienstleistungen umfassen sowohl den Verkehrsdienst als auch die Bewachung, erg\u00e4nzt durch ein effizientes Rechnungs- und Rapportwesen. Wir setzen konsequent auf die Chancen, die die Digitalisierung in diesen Bereichen bietet, um erstklassige Serviceleistungen zu garantieren und gleichzeitig unsere \u00f6kologischen Auswirkungen zu minimieren.<\/p>\n\n\n\n<p>Unsere Verkehrsdienst-Dienstleistungen nutzen fortschrittliche Technologien und Fachwissen, um Verkehrsstr\u00f6me effektiv zu \u00fcberwachen und zu lenken. Diese Bem\u00fchungen f\u00fchren nicht nur zu einem reibungsloseren Verkehrsfluss, sondern tragen auch zur Reduzierung von Verkehrsstaus und damit von Emissionen bei.<\/p>\n\n\n\n<p>Unsere Bewachungs-Dienstleistungen setzen auf moderne digitale \u00dcberwachungssysteme, um Objekte und Anlagen sicher zu sch\u00fctzen. Dies tr\u00e4gt nicht nur zur Sicherheit bei, sondern minimiert auch die Notwendigkeit von Anfahrten zum jeweiligen Objekt und senkt somit den Treibstoffverbrauch. Zus\u00e4tzlich erm\u00f6glicht die digitale Dokumentation von Sicherheitsereignissen eine detaillierte Berichterstattung ohne den Verbrauch von Papier, was zur Schonung von Ressourcen beitr\u00e4gt.<\/p>\n\n\n\n<p>Wir sind danach bestrebt, in unseren Dienstleistungsbereichen die neusten Technologien zu integrieren und n\u00f6tigenfalls an deren Entwicklung und Verbesserung mitzuwirken um einen reibungslosen Einsatz zu gew\u00e4hrleisten.<\/p>\n\n\n\n<p>Unsere digitalen L\u00f6sungen f\u00fcr das Rechnungs- und Rapportwesen erh\u00f6hen die Effizienz und reduzieren den Papierverbrauch. Rechnungen, Berichte und Dokumentationen werden elektronisch erstellt, versendet und archiviert, was nicht nur den Arbeitsaufwand minimiert, sondern auch den Bedarf an physischen Unterlagen verringert. Dieser Ansatz unterst\u00fctzt die Reduzierung von Papierabf\u00e4llen und tr\u00e4gt zur Schonung der Umwelt bei.<\/p>\n\n\n\n<p>Durch unser Engagement f\u00fcr die Digitalisierung in den ganzen administrativen und arbeitstabh\u00e4ngigen Abl\u00e4ufen, zeigen wir unser Bestreben, erstklassige Dienstleistungen anzubieten und gleichzeitig unseren \u00f6kologischen Fu\u00dfabdruck zu minimieren.<\/p>\n<\/div><\/div>\n","protected":false},"excerpt":{"rendered":"<p>Unsere ganzheitlichen Dienstleistungen umfassen sowohl den Verkehrsdienst als auch die Bewachung, erg\u00e4nzt durch ein effizientes Rechnungs- und Rapportwesen. Wir setzen konsequent auf die Chancen, die die Digitalisierung in diesen Bereichen bietet, um erstklassige Serviceleistungen zu garantieren und gleichzeitig unsere \u00f6kologischen Auswirkungen zu minimieren. Unsere Verkehrsdienst-Dienstleistungen nutzen fortschrittliche Technologien und Fachwissen, um Verkehrsstr\u00f6me effektiv zu \u00fcberwachen [&hellip;]<\/p>\n","protected":false},"author":1,"featured_media":0,"parent":0,"menu_order":0,"comment_status":"closed","ping_status":"closed","template":"page-templates\/page-full-width.php","meta":{"footnotes":""},"class_list":["post-135","page","type-page","status-publish","hentry"],"_links":{"self":[{"href":"https:\/\/www.vdbh.ch\/index.php?rest_route=\/wp\/v2\/pages\/135","targetHints":{"allow":["GET"]}}],"collection":[{"href":"https:\/\/www.vdbh.ch\/index.php?rest_route=\/wp\/v2\/pages"}],"about":[{"href":"https:\/\/www.vdbh.ch\/index.php?rest_route=\/wp\/v2\/types\/page"}],"author":[{"embeddable":true,"href":"https:\/\/www.vdbh.ch\/index.php?rest_route=\/wp\/v2\/users\/1"}],"replies":[{"embeddable":true,"href":"https:\/\/www.vdbh.ch\/index.php?rest_route=%2Fwp%2Fv2%2Fcomments&post=135"}],"version-history":[{"count":5,"href":"https:\/\/www.vdbh.ch\/index.php?rest_route=\/wp\/v2\/pages\/135\/revisions"}],"predecessor-version":[{"id":143,"href":"https:\/\/www.vdbh.ch\/index.php?rest_route=\/wp\/v2\/pages\/135\/revisions\/143"}],"wp:attachment":[{"href":"https:\/\/www.vdbh.ch\/index.php?rest_route=%2Fwp%2Fv2%2Fmedia&parent=135"}],"curies":[{"name":"wp","href":"https:\/\/api.w.org\/{rel}","templated":true}]}}