{"id":144,"date":"2023-08-26T11:34:59","date_gmt":"2023-08-26T11:34:59","guid":{"rendered":"https:\/\/www.vdbh.ch\/?page_id=144"},"modified":"2023-08-26T11:34:59","modified_gmt":"2023-08-26T11:34:59","slug":"mentale-und-physische-gesundheit","status":"publish","type":"page","link":"https:\/\/www.vdbh.ch\/?page_id=144","title":{"rendered":"Mentale und physische Gesundheit"},"content":{"rendered":"\n<div class=\"wp-block-media-text has-media-on-the-right is-stacked-on-mobile is-image-fill\" style=\"grid-template-columns:auto 36%\"><div class=\"wp-block-media-text__content\">\n<p>In einer Zeit, in der Anforderungen st\u00e4ndig wachsen und die Dynamik der Dienstleistungsbranche stetig zunimmt, liegt unser Fokus nicht nur auf Spitzenleistungen, sondern auch auf dem Wohlbefinden unserer Mitarbeiter. Wir erkennen die Bedeutung eines gesunden Gleichgewichts zwischen mentaler und physischer Gesundheit an und setzen uns mit Nachdruck f\u00fcr das Wohl unserer Teammitglieder ein.<\/p>\n\n\n\n<p>Die mentale Gesundheit unserer Mitarbeiter ist ein Eckpfeiler unseres Unternehmensansatzes. Wir sind uns bewusst, dass der Umgang mit wachsendem Druck und steigenden Anforderungen eine Herausforderung darstellen kann. Deshalb f\u00f6rdern wir eine Kultur des offenen Dialogs, in der Mitarbeiter ihre Sorgen und Belastungen teilen k\u00f6nnen. Wir bieten Unterst\u00fctzung und Ressourcen, darunter Schulungen zur Stressbew\u00e4ltigung und Workshops zur F\u00f6rderung emotionaler Resilienz. Indem wir das Bewusstsein f\u00fcr mentale Gesundheit sch\u00e4rfen und ein unterst\u00fctzendes Umfeld schaffen, m\u00f6chten wir sicherstellen, dass unsere Mitarbeiter die n\u00f6tigen Werkzeuge haben, um den Herausforderungen des Arbeitslebens souver\u00e4n zu begegnen.<\/p>\n\n\n\n<p>Die physische Gesundheit unserer Belegschaft ist gleicherma\u00dfen von gro\u00dfer Bedeutung. Wir sind \u00fcberzeugt, dass k\u00f6rperliches Wohlbefinden die Grundlage f\u00fcr Produktivit\u00e4t und Erfolg bildet. Daher investieren wir in Programme zur F\u00f6rderung eines aktiven Lebensstils, sei es durch Fitnesskurse, Gesundheitsvorsorgeuntersuchungen oder ergonomische Arbeitsplatzgestaltung. Wir schaffen Anreize f\u00fcr regelm\u00e4\u00dfige Bewegung und bieten Zugang zu gesunden Ern\u00e4hrungsoptionen. Uns ist bewusst, dass die physische Gesundheit eng mit der mentalen Gesundheit verbunden ist, und wir arbeiten kontinuierlich daran, ein ganzheitliches Wohlbefinden zu f\u00f6rdern.<\/p>\n\n\n\n<p>Unsere Verpflichtung zur F\u00f6rderung von mentaler und physischer Gesundheit durchzieht alle Ebenen unseres Unternehmens. Wir verstehen, dass zufriedene und gesunde Mitarbeiter nicht nur produktiver sind, sondern auch zu einer positiven Unternehmenskultur beitragen. Indem wir in das Wohl unserer Mitarbeiter investieren, st\u00e4rken wir nicht nur unser Team, sondern legen auch den Grundstein f\u00fcr langanhaltenden Erfolg und nachhaltige Entwicklung. In einer Welt, die st\u00e4ndig im Wandel ist, ist die Gesundheit unserer Mitarbeiter der Schl\u00fcssel, um stets das Beste aus unseren Dienstleistungen herauszuholen und unsere Unternehmensziele zu erreichen.<\/p>\n<\/div><figure class=\"wp-block-media-text__media\" style=\"background-image:url(https:\/\/www.vdbh.ch\/wp-content\/uploads\/2023\/08\/mentale-gesundheit-e-fauxels-20221011-1280x720-1-1024x576.jpg);background-position:50% 50%\"><img loading=\"lazy\" decoding=\"async\" width=\"1024\" height=\"576\" src=\"https:\/\/www.vdbh.ch\/wp-content\/uploads\/2023\/08\/mentale-gesundheit-e-fauxels-20221011-1280x720-1-1024x576.jpg\" alt=\"\" class=\"wp-image-145 size-full\" srcset=\"https:\/\/www.vdbh.ch\/wp-content\/uploads\/2023\/08\/mentale-gesundheit-e-fauxels-20221011-1280x720-1-1024x576.jpg 1024w, https:\/\/www.vdbh.ch\/wp-content\/uploads\/2023\/08\/mentale-gesundheit-e-fauxels-20221011-1280x720-1-300x169.jpg 300w, https:\/\/www.vdbh.ch\/wp-content\/uploads\/2023\/08\/mentale-gesundheit-e-fauxels-20221011-1280x720-1-768x432.jpg 768w, https:\/\/www.vdbh.ch\/wp-content\/uploads\/2023\/08\/mentale-gesundheit-e-fauxels-20221011-1280x720-1.jpg 1280w\" sizes=\"auto, (max-width: 1024px) 100vw, 1024px\" \/><\/figure><\/div>\n","protected":false},"excerpt":{"rendered":"<p>In einer Zeit, in der Anforderungen st\u00e4ndig wachsen und die Dynamik der Dienstleistungsbranche stetig zunimmt, liegt unser Fokus nicht nur auf Spitzenleistungen, sondern auch auf dem Wohlbefinden unserer Mitarbeiter. Wir erkennen die Bedeutung eines gesunden Gleichgewichts zwischen mentaler und physischer Gesundheit an und setzen uns mit Nachdruck f\u00fcr das Wohl unserer Teammitglieder ein. Die mentale [&hellip;]<\/p>\n","protected":false},"author":1,"featured_media":0,"parent":0,"menu_order":0,"comment_status":"closed","ping_status":"closed","template":"","meta":{"footnotes":""},"class_list":["post-144","page","type-page","status-publish","hentry"],"_links":{"self":[{"href":"https:\/\/www.vdbh.ch\/index.php?rest_route=\/wp\/v2\/pages\/144","targetHints":{"allow":["GET"]}}],"collection":[{"href":"https:\/\/www.vdbh.ch\/index.php?rest_route=\/wp\/v2\/pages"}],"about":[{"href":"https:\/\/www.vdbh.ch\/index.php?rest_route=\/wp\/v2\/types\/page"}],"author":[{"embeddable":true,"href":"https:\/\/www.vdbh.ch\/index.php?rest_route=\/wp\/v2\/users\/1"}],"replies":[{"embeddable":true,"href":"https:\/\/www.vdbh.ch\/index.php?rest_route=%2Fwp%2Fv2%2Fcomments&post=144"}],"version-history":[{"count":1,"href":"https:\/\/www.vdbh.ch\/index.php?rest_route=\/wp\/v2\/pages\/144\/revisions"}],"predecessor-version":[{"id":147,"href":"https:\/\/www.vdbh.ch\/index.php?rest_route=\/wp\/v2\/pages\/144\/revisions\/147"}],"wp:attachment":[{"href":"https:\/\/www.vdbh.ch\/index.php?rest_route=%2Fwp%2Fv2%2Fmedia&parent=144"}],"curies":[{"name":"wp","href":"https:\/\/api.w.org\/{rel}","templated":true}]}}