{"id":149,"date":"2023-08-26T11:41:43","date_gmt":"2023-08-26T11:41:43","guid":{"rendered":"https:\/\/www.vdbh.ch\/?page_id=149"},"modified":"2023-08-26T11:41:43","modified_gmt":"2023-08-26T11:41:43","slug":"analysieren-von-daten","status":"publish","type":"page","link":"https:\/\/www.vdbh.ch\/?page_id=149","title":{"rendered":"Analysieren von Daten"},"content":{"rendered":"\n<div class=\"wp-block-media-text is-stacked-on-mobile is-image-fill\" style=\"grid-template-columns:40% auto\"><figure class=\"wp-block-media-text__media\" style=\"background-image:url(https:\/\/www.vdbh.ch\/wp-content\/uploads\/2023\/08\/csm_freeimage-10231317-web_diagramme_01_004b17d4ca.jpg);background-position:37% 94%\"><img loading=\"lazy\" decoding=\"async\" width=\"1000\" height=\"625\" src=\"https:\/\/www.vdbh.ch\/wp-content\/uploads\/2023\/08\/csm_freeimage-10231317-web_diagramme_01_004b17d4ca.jpg\" alt=\"\" class=\"wp-image-150 size-full\" srcset=\"https:\/\/www.vdbh.ch\/wp-content\/uploads\/2023\/08\/csm_freeimage-10231317-web_diagramme_01_004b17d4ca.jpg 1000w, https:\/\/www.vdbh.ch\/wp-content\/uploads\/2023\/08\/csm_freeimage-10231317-web_diagramme_01_004b17d4ca-300x188.jpg 300w, https:\/\/www.vdbh.ch\/wp-content\/uploads\/2023\/08\/csm_freeimage-10231317-web_diagramme_01_004b17d4ca-768x480.jpg 768w\" sizes=\"auto, (max-width: 1000px) 100vw, 1000px\" \/><\/figure><div class=\"wp-block-media-text__content\">\n<p>In unserem kontinuierlichen Bestreben, unseren Betrieb auf allen Ebenen stetig zu verbessern \u2013 sei es in \u00f6kologischer oder wirtschaftlicher Hinsicht \u2013 spielt die gr\u00fcndliche Analyse von Daten eine zentrale Rolle. Wir haben erkannt, dass datengesteuerte Erkenntnisse ein Schl\u00fcssel sind, um effiziente L\u00f6sungen zu identifizieren und umzusetzen, die sowohl unsere \u00f6kologischen Ziele als auch unsere wirtschaftlichen Anforderungen erf\u00fcllen.<\/p>\n\n\n\n<p>Der Prozess der Datenanalyse beginnt damit, relevante Datenpunkte aus verschiedenen Quellen zu sammeln, sei es aus unseren Betriebsabl\u00e4ufen, Kundenr\u00fcckmeldungen oder externen Marktdaten. Durch die sorgf\u00e4ltige Sammlung und Zusammenf\u00fchrung dieser Informationen erhalten wir einen ganzheitlichen Blick auf unsere Leistung und k\u00f6nnen Muster, Trends und Chancen identifizieren.<\/p>\n\n\n\n<p>Diese rohen Daten werden dann durch komplexe Analysemethoden und moderne Technologien verfeinert und ausgewertet. Dieser Schritt erm\u00f6glicht es uns, tiefere Einblicke in unsere betrieblichen Abl\u00e4ufe zu gewinnen. Wir k\u00f6nnen Engp\u00e4sse erkennen, ineffiziente Prozesse identifizieren und Bereiche identifizieren, in denen sowohl \u00f6kologische als auch wirtschaftliche Verbesserungen erzielt werden k\u00f6nnen.<\/p>\n\n\n\n<p>Die resultierenden Erkenntnisse dienen als Grundlage f\u00fcr fundierte Entscheidungsfindung. Ob es darum geht, nachhaltige Praktiken in unsere Betriebsabl\u00e4ufe zu integrieren, Ressourcen effizienter zu nutzen oder Kundenbed\u00fcrfnisse besser zu erf\u00fcllen \u2013 die Datenanalyse erm\u00f6glicht es uns, strategische Schritte zu unternehmen, die auf Fakten und Zahlen basieren.<\/p>\n\n\n\n<p>Unser Engagement f\u00fcr die Analyse von Daten spiegelt sich in unserer F\u00e4higkeit wider, kontinuierliche Verbesserungen zu erzielen und unseren Betrieb zukunftsf\u00e4hig zu gestalten. Durch datengetriebene Entscheidungsfindung schaffen wir nicht nur Mehrwert f\u00fcr unser Unternehmen, sondern tragen auch dazu bei, die Anforderungen aller Stakeholder zu erf\u00fcllen \u2013 sei es unsere Kunden, unsere Mitarbeiter oder die Umwelt. Unser Ziel ist es, mithilfe von Daten einen positiven Wandel voranzutreiben und eine Grundlage f\u00fcr nachhaltige Innovation zu schaffen.<\/p>\n<\/div><\/div>\n","protected":false},"excerpt":{"rendered":"<p>In unserem kontinuierlichen Bestreben, unseren Betrieb auf allen Ebenen stetig zu verbessern \u2013 sei es in \u00f6kologischer oder wirtschaftlicher Hinsicht \u2013 spielt die gr\u00fcndliche Analyse von Daten eine zentrale Rolle. Wir haben erkannt, dass datengesteuerte Erkenntnisse ein Schl\u00fcssel sind, um effiziente L\u00f6sungen zu identifizieren und umzusetzen, die sowohl unsere \u00f6kologischen Ziele als auch unsere wirtschaftlichen [&hellip;]<\/p>\n","protected":false},"author":1,"featured_media":0,"parent":0,"menu_order":0,"comment_status":"closed","ping_status":"closed","template":"","meta":{"footnotes":""},"class_list":["post-149","page","type-page","status-publish","hentry"],"_links":{"self":[{"href":"https:\/\/www.vdbh.ch\/index.php?rest_route=\/wp\/v2\/pages\/149","targetHints":{"allow":["GET"]}}],"collection":[{"href":"https:\/\/www.vdbh.ch\/index.php?rest_route=\/wp\/v2\/pages"}],"about":[{"href":"https:\/\/www.vdbh.ch\/index.php?rest_route=\/wp\/v2\/types\/page"}],"author":[{"embeddable":true,"href":"https:\/\/www.vdbh.ch\/index.php?rest_route=\/wp\/v2\/users\/1"}],"replies":[{"embeddable":true,"href":"https:\/\/www.vdbh.ch\/index.php?rest_route=%2Fwp%2Fv2%2Fcomments&post=149"}],"version-history":[{"count":1,"href":"https:\/\/www.vdbh.ch\/index.php?rest_route=\/wp\/v2\/pages\/149\/revisions"}],"predecessor-version":[{"id":152,"href":"https:\/\/www.vdbh.ch\/index.php?rest_route=\/wp\/v2\/pages\/149\/revisions\/152"}],"wp:attachment":[{"href":"https:\/\/www.vdbh.ch\/index.php?rest_route=%2Fwp%2Fv2%2Fmedia&parent=149"}],"curies":[{"name":"wp","href":"https:\/\/api.w.org\/{rel}","templated":true}]}}