{"id":154,"date":"2023-08-26T11:54:28","date_gmt":"2023-08-26T11:54:28","guid":{"rendered":"https:\/\/www.vdbh.ch\/?page_id=154"},"modified":"2023-08-26T11:54:28","modified_gmt":"2023-08-26T11:54:28","slug":"ausarbeiten-von-konzepten","status":"publish","type":"page","link":"https:\/\/www.vdbh.ch\/?page_id=154","title":{"rendered":"Ausarbeiten von Konzepten"},"content":{"rendered":"\n<div class=\"wp-block-media-text is-stacked-on-mobile is-image-fill\"><figure class=\"wp-block-media-text__media\" style=\"background-image:url(https:\/\/www.vdbh.ch\/wp-content\/uploads\/2023\/08\/wepik-export-20230826115329lPsd-1024x682.jpeg);background-position:77% 29%\"><img loading=\"lazy\" decoding=\"async\" width=\"1024\" height=\"682\" src=\"https:\/\/www.vdbh.ch\/wp-content\/uploads\/2023\/08\/wepik-export-20230826115329lPsd-1024x682.jpeg\" alt=\"\" class=\"wp-image-155 size-full\" srcset=\"https:\/\/www.vdbh.ch\/wp-content\/uploads\/2023\/08\/wepik-export-20230826115329lPsd-1024x682.jpeg 1024w, https:\/\/www.vdbh.ch\/wp-content\/uploads\/2023\/08\/wepik-export-20230826115329lPsd-300x200.jpeg 300w, https:\/\/www.vdbh.ch\/wp-content\/uploads\/2023\/08\/wepik-export-20230826115329lPsd-768x512.jpeg 768w, https:\/\/www.vdbh.ch\/wp-content\/uploads\/2023\/08\/wepik-export-20230826115329lPsd-1536x1024.jpeg 1536w, https:\/\/www.vdbh.ch\/wp-content\/uploads\/2023\/08\/wepik-export-20230826115329lPsd.jpeg 2000w\" sizes=\"auto, (max-width: 1024px) 100vw, 1024px\" \/><\/figure><div class=\"wp-block-media-text__content\">\n<p>Unsere Dienstleistungen zeichnen sich nicht nur durch ihre Umsetzung aus, sondern auch durch die sorgf\u00e4ltige Ausarbeitung von Konzepten, die als Grundlage f\u00fcr unseren erfolgreichen Ansatz dienen. Wir \u00fcbernehmen die Verantwortung f\u00fcr jedes Detail, um sicherzustellen, dass unsere Konzepte sowohl den h\u00f6chsten Standards als auch den individuellen Bed\u00fcrfnissen unserer Kunden gerecht werden.<\/p>\n\n\n\n<p>Der Prozess des Ausarbeitens von Konzepten beginnt mit einer gr\u00fcndlichen Analyse der spezifischen Anforderungen und Ziele. Wir nehmen uns die Zeit, die Herausforderungen zu verstehen, mit denen unsere Kunden konfrontiert sind, sei es in Bezug auf Effizienz, Sicherheit, Umweltauswirkungen oder andere Faktoren. Diese Erkenntnisse bilden die Grundlage f\u00fcr die Entwicklung individueller L\u00f6sungen, die ma\u00dfgeschneidert sind, um die gesteckten Ziele zu erreichen.<\/p>\n\n\n\n<p>Unsere erfahrenen Experten nutzen bew\u00e4hrte Methoden und innovative Technologien, um Konzepte zu erstellen, die sowohl kreativ als auch funktional sind. Wir gehen \u00fcber Standardl\u00f6sungen hinaus und denken au\u00dferhalb der Box, um innovative Ans\u00e4tze zu finden, die einen echten Mehrwert bieten. Die Ber\u00fccksichtigung von \u00f6kologischen und nachhaltigen Aspekten ist f\u00fcr uns selbstverst\u00e4ndlich und flie\u00dft in jedes Konzept ein, das wir entwickeln.<\/p>\n\n\n\n<p>Ein integraler Bestandteil unseres Konzeptentwicklungsprozesses ist die enge Zusammenarbeit mit unseren Kunden. Wir glauben daran, dass jede Partnerschaft eine einzigartige Perspektive mitbringt, und integrieren diese Perspektive in unsere Konzepte. Unsere Kommunikation ist transparent und wir stellen sicher, dass alle Beteiligten vollst\u00e4ndig in den Entscheidungsprozess einbezogen sind.<\/p>\n\n\n\n<p>Unser Engagement f\u00fcr das Ausarbeiten von Konzepten spiegelt unsere Hingabe an Qualit\u00e4t, Innovation und Kundenzufriedenheit wider. Wir setzen auf Konzepte, die nicht nur L\u00f6sungen bieten, sondern auch als Grundlage f\u00fcr langanhaltenden Erfolg dienen. Unser Ziel ist es, durch unsere Konzepte einen positiven Einfluss auf unsere Kunden, die Gemeinschaft und die Umwelt zu erzielen.<\/p>\n<\/div><\/div>\n","protected":false},"excerpt":{"rendered":"<p>Unsere Dienstleistungen zeichnen sich nicht nur durch ihre Umsetzung aus, sondern auch durch die sorgf\u00e4ltige Ausarbeitung von Konzepten, die als Grundlage f\u00fcr unseren erfolgreichen Ansatz dienen. Wir \u00fcbernehmen die Verantwortung f\u00fcr jedes Detail, um sicherzustellen, dass unsere Konzepte sowohl den h\u00f6chsten Standards als auch den individuellen Bed\u00fcrfnissen unserer Kunden gerecht werden. Der Prozess des Ausarbeitens [&hellip;]<\/p>\n","protected":false},"author":1,"featured_media":0,"parent":0,"menu_order":0,"comment_status":"closed","ping_status":"closed","template":"","meta":{"footnotes":""},"class_list":["post-154","page","type-page","status-publish","hentry"],"_links":{"self":[{"href":"https:\/\/www.vdbh.ch\/index.php?rest_route=\/wp\/v2\/pages\/154","targetHints":{"allow":["GET"]}}],"collection":[{"href":"https:\/\/www.vdbh.ch\/index.php?rest_route=\/wp\/v2\/pages"}],"about":[{"href":"https:\/\/www.vdbh.ch\/index.php?rest_route=\/wp\/v2\/types\/page"}],"author":[{"embeddable":true,"href":"https:\/\/www.vdbh.ch\/index.php?rest_route=\/wp\/v2\/users\/1"}],"replies":[{"embeddable":true,"href":"https:\/\/www.vdbh.ch\/index.php?rest_route=%2Fwp%2Fv2%2Fcomments&post=154"}],"version-history":[{"count":1,"href":"https:\/\/www.vdbh.ch\/index.php?rest_route=\/wp\/v2\/pages\/154\/revisions"}],"predecessor-version":[{"id":157,"href":"https:\/\/www.vdbh.ch\/index.php?rest_route=\/wp\/v2\/pages\/154\/revisions\/157"}],"wp:attachment":[{"href":"https:\/\/www.vdbh.ch\/index.php?rest_route=%2Fwp%2Fv2%2Fmedia&parent=154"}],"curies":[{"name":"wp","href":"https:\/\/api.w.org\/{rel}","templated":true}]}}