{"id":159,"date":"2023-08-26T11:59:48","date_gmt":"2023-08-26T11:59:48","guid":{"rendered":"https:\/\/www.vdbh.ch\/?page_id=159"},"modified":"2023-08-26T11:59:48","modified_gmt":"2023-08-26T11:59:48","slug":"umsetzung-der-sicherheitsvorgaben","status":"publish","type":"page","link":"https:\/\/www.vdbh.ch\/?page_id=159","title":{"rendered":"Umsetzung der Sicherheitsvorgaben"},"content":{"rendered":"\n<div class=\"wp-block-media-text has-media-on-the-right is-stacked-on-mobile is-image-fill\" style=\"grid-template-columns:auto 53%\"><div class=\"wp-block-media-text__content\">\n<p>Ein Eckpfeiler unseres Engagements liegt in der akribischen Umsetzung der Sicherheitsvorgaben. Wir nehmen Sicherheit ernst und legen gro\u00dfen Wert darauf, dass unsere eingesetzten Mitarbeiter nicht nur bestens vorbereitet, sondern auch sensibilisiert sind, um die h\u00f6chsten Sicherheitsstandards zu gew\u00e4hrleisten.<\/p>\n\n\n\n<p>Vor jedem neuen Projekt durchlaufen unsere Mitarbeiter einen detaillierten Briefing-Prozess, der von unserer Einsatzleitung oder der Disposition geleitet wird. Dieser Briefing-Prozess hat das Ziel, sicherzustellen, dass alle relevanten Informationen und Anforderungen klar und pr\u00e4zise kommuniziert werden. Dies erm\u00f6glicht es unseren Mitarbeitern, in das Projekt mit einem umfassenden Verst\u00e4ndnis f\u00fcr die Sicherheitsaspekte einzusteigen.<\/p>\n\n\n\n<p>W\u00e4hrend des Briefings werden nicht nur die spezifischen Sicherheitsrichtlinien und -protokolle erl\u00e4utert, sondern auch m\u00f6gliche Risikosituationen identifiziert und Strategien zur Risikobew\u00e4ltigung besprochen. Unsere Mitarbeiter erhalten umfassende Schulungen, um sicherzustellen, dass sie mit den neuesten Sicherheitsverfahren vertraut sind und in der Lage sind, situationsgerecht zu handeln.<\/p>\n\n\n\n<p>Unsere proaktive Herangehensweise an das Briefing sichert nicht nur die Sicherheit unserer Mitarbeiter, sondern tr\u00e4gt auch dazu bei, Risiken zu minimieren und die Qualit\u00e4t unserer Dienstleistungen zu steigern. Wir f\u00f6rdern eine Kultur der Wachsamkeit und vermitteln ein starkes Bewusstsein f\u00fcr Sicherheit, das in jedem Aspekt unserer T\u00e4tigkeiten verankert ist.<\/p>\n\n\n\n<p>Unser Engagement f\u00fcr die Umsetzung der Sicherheitsvorgaben spiegelt unsere Verpflichtung wider, die Gesundheit und das Wohlbefinden unserer Mitarbeiter sowie die Integrit\u00e4t unserer Dienstleistungen zu sch\u00fctzen. Durch unsere gr\u00fcndliche Vorbereitung und kontinuierliche Schulung sorgen wir daf\u00fcr, dass unsere Mitarbeiter in der Lage sind, die Sicherheitsanforderungen in jeder Situation erfolgreich umzusetzen. Dieser Ansatz erm\u00f6glicht es uns, Projekte nicht nur erfolgreich abzuschlie\u00dfen, sondern auch eine sichere Umgebung f\u00fcr alle Beteiligten zu gew\u00e4hrleisten.<\/p>\n<\/div><figure class=\"wp-block-media-text__media\" style=\"background-image:url(https:\/\/www.vdbh.ch\/wp-content\/uploads\/2023\/08\/istockphoto-469925812-170667a.jpg);background-position:18% 59%\"><img loading=\"lazy\" decoding=\"async\" width=\"508\" height=\"339\" src=\"https:\/\/www.vdbh.ch\/wp-content\/uploads\/2023\/08\/istockphoto-469925812-170667a.jpg\" alt=\"\" class=\"wp-image-160 size-full\" srcset=\"https:\/\/www.vdbh.ch\/wp-content\/uploads\/2023\/08\/istockphoto-469925812-170667a.jpg 508w, https:\/\/www.vdbh.ch\/wp-content\/uploads\/2023\/08\/istockphoto-469925812-170667a-300x200.jpg 300w\" sizes=\"auto, (max-width: 508px) 100vw, 508px\" \/><\/figure><\/div>\n","protected":false},"excerpt":{"rendered":"<p>Ein Eckpfeiler unseres Engagements liegt in der akribischen Umsetzung der Sicherheitsvorgaben. Wir nehmen Sicherheit ernst und legen gro\u00dfen Wert darauf, dass unsere eingesetzten Mitarbeiter nicht nur bestens vorbereitet, sondern auch sensibilisiert sind, um die h\u00f6chsten Sicherheitsstandards zu gew\u00e4hrleisten. Vor jedem neuen Projekt durchlaufen unsere Mitarbeiter einen detaillierten Briefing-Prozess, der von unserer Einsatzleitung oder der Disposition [&hellip;]<\/p>\n","protected":false},"author":1,"featured_media":0,"parent":0,"menu_order":0,"comment_status":"closed","ping_status":"closed","template":"","meta":{"footnotes":""},"class_list":["post-159","page","type-page","status-publish","hentry"],"_links":{"self":[{"href":"https:\/\/www.vdbh.ch\/index.php?rest_route=\/wp\/v2\/pages\/159","targetHints":{"allow":["GET"]}}],"collection":[{"href":"https:\/\/www.vdbh.ch\/index.php?rest_route=\/wp\/v2\/pages"}],"about":[{"href":"https:\/\/www.vdbh.ch\/index.php?rest_route=\/wp\/v2\/types\/page"}],"author":[{"embeddable":true,"href":"https:\/\/www.vdbh.ch\/index.php?rest_route=\/wp\/v2\/users\/1"}],"replies":[{"embeddable":true,"href":"https:\/\/www.vdbh.ch\/index.php?rest_route=%2Fwp%2Fv2%2Fcomments&post=159"}],"version-history":[{"count":1,"href":"https:\/\/www.vdbh.ch\/index.php?rest_route=\/wp\/v2\/pages\/159\/revisions"}],"predecessor-version":[{"id":162,"href":"https:\/\/www.vdbh.ch\/index.php?rest_route=\/wp\/v2\/pages\/159\/revisions\/162"}],"wp:attachment":[{"href":"https:\/\/www.vdbh.ch\/index.php?rest_route=%2Fwp%2Fv2%2Fmedia&parent=159"}],"curies":[{"name":"wp","href":"https:\/\/api.w.org\/{rel}","templated":true}]}}