{"id":193,"date":"2023-08-26T13:41:35","date_gmt":"2023-08-26T13:41:35","guid":{"rendered":"https:\/\/www.vdbh.ch\/?page_id=193"},"modified":"2023-08-26T13:41:35","modified_gmt":"2023-08-26T13:41:35","slug":"kundenzentrierter-service","status":"publish","type":"page","link":"https:\/\/www.vdbh.ch\/?page_id=193","title":{"rendered":"Kundenzentrierter Service"},"content":{"rendered":"\n<p>In unserem Bestreben, erstklassige Dienstleistungen zu bieten, stellen wir den Kunden in den Mittelpunkt. Bei uns erleben Sie einen Service, der weit \u00fcber das \u00dcbliche hinausgeht. Unser Engagement f\u00fcr exzellente Qualit\u00e4t und professionelles Handeln ist eng mit unserem kundenzentrierten Ansatz verkn\u00fcpft.<\/p>\n\n\n\n<p>Unsere Experten sind nicht nur Fachleute auf ihrem Gebiet, sondern auch Zuh\u00f6rer und Versteher. Wir nehmen uns die Zeit, zuzuh\u00f6ren und Ihre Anforderungen in vollem Umfang zu erfassen. Ihre individuellen Bed\u00fcrfnisse sind der Antrieb f\u00fcr unsere Arbeit. Basierend auf diesem Verst\u00e4ndnis entwickeln wir ma\u00dfgeschneiderte L\u00f6sungen, die Ihren Anforderungen und Erwartungen in jeder Hinsicht gerecht werden.<\/p>\n\n\n\n<p>Unsere Dienstleistungen sind mehr als nur vorgefertigte L\u00f6sungen. Wir setzen alles daran, einen Service zu bieten, der gezielt auf Ihre Situation zugeschnitten ist. Unsere Experten arbeiten mit Ihnen zusammen, um die bestm\u00f6gliche Strategie zu entwickeln, sei es im Verkehrsdienst, der Sicherheitsbewachung oder anderen Bereichen. Ihr Vertrauen ist uns wichtig, und wir m\u00f6chten sicherstellen, dass Sie sich bei uns gut aufgehoben f\u00fchlen.<\/p>\n\n\n\n<p>Unsere kundenzentrierte Philosophie spiegelt sich in allem wider, was wir tun. Von der ersten Anfrage bis zur erfolgreichen Umsetzung stehen wir Ihnen zur Seite. Ihr Feedback ist uns wertvoll, und wir nutzen es, um uns kontinuierlich zu verbessern. Willkommen bei einem Service, der nicht nur auf Professionalit\u00e4t und Qualit\u00e4t setzt, sondern auch auf Ihre individuellen Bed\u00fcrfnisse eingeht. Wir sind hier, um Ihren Erwartungen gerecht zu werden und Sie in jeder Hinsicht zufriedenzustellen.<\/p>\n","protected":false},"excerpt":{"rendered":"<p>In unserem Bestreben, erstklassige Dienstleistungen zu bieten, stellen wir den Kunden in den Mittelpunkt. Bei uns erleben Sie einen Service, der weit \u00fcber das \u00dcbliche hinausgeht. Unser Engagement f\u00fcr exzellente Qualit\u00e4t und professionelles Handeln ist eng mit unserem kundenzentrierten Ansatz verkn\u00fcpft. Unsere Experten sind nicht nur Fachleute auf ihrem Gebiet, sondern auch Zuh\u00f6rer und Versteher. [&hellip;]<\/p>\n","protected":false},"author":1,"featured_media":0,"parent":0,"menu_order":0,"comment_status":"closed","ping_status":"closed","template":"","meta":{"footnotes":""},"class_list":["post-193","page","type-page","status-publish","hentry"],"_links":{"self":[{"href":"https:\/\/www.vdbh.ch\/index.php?rest_route=\/wp\/v2\/pages\/193","targetHints":{"allow":["GET"]}}],"collection":[{"href":"https:\/\/www.vdbh.ch\/index.php?rest_route=\/wp\/v2\/pages"}],"about":[{"href":"https:\/\/www.vdbh.ch\/index.php?rest_route=\/wp\/v2\/types\/page"}],"author":[{"embeddable":true,"href":"https:\/\/www.vdbh.ch\/index.php?rest_route=\/wp\/v2\/users\/1"}],"replies":[{"embeddable":true,"href":"https:\/\/www.vdbh.ch\/index.php?rest_route=%2Fwp%2Fv2%2Fcomments&post=193"}],"version-history":[{"count":1,"href":"https:\/\/www.vdbh.ch\/index.php?rest_route=\/wp\/v2\/pages\/193\/revisions"}],"predecessor-version":[{"id":194,"href":"https:\/\/www.vdbh.ch\/index.php?rest_route=\/wp\/v2\/pages\/193\/revisions\/194"}],"wp:attachment":[{"href":"https:\/\/www.vdbh.ch\/index.php?rest_route=%2Fwp%2Fv2%2Fmedia&parent=193"}],"curies":[{"name":"wp","href":"https:\/\/api.w.org\/{rel}","templated":true}]}}