{"id":195,"date":"2023-08-26T13:42:58","date_gmt":"2023-08-26T13:42:58","guid":{"rendered":"https:\/\/www.vdbh.ch\/?page_id=195"},"modified":"2023-08-26T13:42:58","modified_gmt":"2023-08-26T13:42:58","slug":"fair-kalkulierte-preise","status":"publish","type":"page","link":"https:\/\/www.vdbh.ch\/?page_id=195","title":{"rendered":"Fair kalkulierte Preise"},"content":{"rendered":"\n<p>Unsere Preisstruktur reflektiert unsere Verpflichtung, Ihnen nicht nur erstklassige Dienstleistungen zu bieten, sondern auch in die kontinuierliche Weiterentwicklung unserer Mitarbeiter und technologischen Ressourcen zu investieren. Wir glauben daran, dass h\u00f6here Preise eine Investition in Qualit\u00e4t, Innovation und verbesserte Leistungsf\u00e4higkeit darstellen.<\/p>\n\n\n\n<p>Mit unseren fairen Preisen erm\u00f6glichen wir es uns, unser Team kontinuierlich weiterzubilden und fortzubilden. Unsere Mitarbeiter sind nicht nur Experten auf ihrem Gebiet, sondern auch engagierte Lernende, die stets auf dem neuesten Stand der Entwicklungen bleiben. Durch diese Investition in unsere Mitarbeiter stellen wir sicher, dass sie bestens ger\u00fcstet sind, um Ihnen exzellente Dienstleistungen zu bieten, die die h\u00f6chsten Standards erf\u00fcllen.<\/p>\n\n\n\n<p>Aber nicht nur unsere Mitarbeiter profitieren von unseren Investitionen. Wir setzen auch auf moderne Technologien und innovative Ans\u00e4tze, um unsere Dienstleistungen stetig zu verbessern. Unsere Preise erm\u00f6glichen es uns, in Technologien zu investieren, die die Effizienz steigern, die Sicherheit erh\u00f6hen und Ihnen ein noch besseres Kundenerlebnis bieten.<\/p>\n\n\n\n<p>Unsere Preisgestaltung spiegelt somit unsere Hingabe zur Qualit\u00e4t wider. Wir sind stolz darauf, unseren Kunden einen Mehrwert zu bieten, der nicht nur in unseren Dienstleistungen, sondern auch in unseren Investitionen in Mitarbeiter und Technologie erkennbar ist. Wir sind hier, um Sie mit Spitzenleistungen zu \u00fcberzeugen und gleichzeitig eine langfristige Partnerschaft aufzubauen, die auf Qualit\u00e4t und Innovation basiert.<\/p>\n","protected":false},"excerpt":{"rendered":"<p>Unsere Preisstruktur reflektiert unsere Verpflichtung, Ihnen nicht nur erstklassige Dienstleistungen zu bieten, sondern auch in die kontinuierliche Weiterentwicklung unserer Mitarbeiter und technologischen Ressourcen zu investieren. Wir glauben daran, dass h\u00f6here Preise eine Investition in Qualit\u00e4t, Innovation und verbesserte Leistungsf\u00e4higkeit darstellen. Mit unseren fairen Preisen erm\u00f6glichen wir es uns, unser Team kontinuierlich weiterzubilden und fortzubilden. Unsere [&hellip;]<\/p>\n","protected":false},"author":1,"featured_media":0,"parent":0,"menu_order":0,"comment_status":"closed","ping_status":"closed","template":"","meta":{"footnotes":""},"class_list":["post-195","page","type-page","status-publish","hentry"],"_links":{"self":[{"href":"https:\/\/www.vdbh.ch\/index.php?rest_route=\/wp\/v2\/pages\/195","targetHints":{"allow":["GET"]}}],"collection":[{"href":"https:\/\/www.vdbh.ch\/index.php?rest_route=\/wp\/v2\/pages"}],"about":[{"href":"https:\/\/www.vdbh.ch\/index.php?rest_route=\/wp\/v2\/types\/page"}],"author":[{"embeddable":true,"href":"https:\/\/www.vdbh.ch\/index.php?rest_route=\/wp\/v2\/users\/1"}],"replies":[{"embeddable":true,"href":"https:\/\/www.vdbh.ch\/index.php?rest_route=%2Fwp%2Fv2%2Fcomments&post=195"}],"version-history":[{"count":1,"href":"https:\/\/www.vdbh.ch\/index.php?rest_route=\/wp\/v2\/pages\/195\/revisions"}],"predecessor-version":[{"id":196,"href":"https:\/\/www.vdbh.ch\/index.php?rest_route=\/wp\/v2\/pages\/195\/revisions\/196"}],"wp:attachment":[{"href":"https:\/\/www.vdbh.ch\/index.php?rest_route=%2Fwp%2Fv2%2Fmedia&parent=195"}],"curies":[{"name":"wp","href":"https:\/\/api.w.org\/{rel}","templated":true}]}}