{"id":223,"date":"2023-09-04T11:05:35","date_gmt":"2023-09-04T09:05:35","guid":{"rendered":"https:\/\/www.vdbh.ch\/?page_id=223"},"modified":"2023-11-09T21:42:17","modified_gmt":"2023-11-09T19:42:17","slug":"bewilligungen","status":"publish","type":"page","link":"https:\/\/www.vdbh.ch\/?page_id=223","title":{"rendered":"Bewilligungen"},"content":{"rendered":"\n<div class=\"wp-block-columns is-layout-flex wp-container-core-columns-is-layout-9d6595d7 wp-block-columns-is-layout-flex\">\n<div class=\"wp-block-column is-layout-flow wp-block-column-is-layout-flow\" style=\"flex-basis:100%\">\n<h2 class=\"wp-block-heading has-text-align-left\">Aktuelle Bewilligungen<\/h2>\n<\/div>\n<\/div>\n\n\n\n<h3 class=\"wp-block-heading has-text-align-left\">Erteilt:<\/h3>\n\n\n\n<ul class=\"wp-block-list\">\n<li><a href=\"https:\/\/www.vdbh.ch\/?page_id=283\">Kanton Bern<\/a><\/li>\n\n\n\n<li><a href=\"https:\/\/www.vdbh.ch\/?page_id=336\">Kanton Luzern<\/a><\/li>\n<\/ul>\n\n\n\n<h3 class=\"wp-block-heading\">In Bearbeitung:<\/h3>\n\n\n\n<ul class=\"wp-block-list\">\n<li>Kanton Solothurn<\/li>\n<\/ul>\n\n\n\n<h2 class=\"wp-block-heading has-text-align-left\">Weitere Bewilligungen<\/h2>\n\n\n\n<p>F\u00fcr Eins\u00e4tze in anderen Kantonen, bitten wir Sie, uns fr\u00fchzeitig (min. zwei Wochen) anzufragen damit wir die Bewilligung f\u00fcr den jeweiligen Kanton beantragen k\u00f6nnen.<\/p>\n\n\n\n<p><\/p>\n","protected":false},"excerpt":{"rendered":"<p>Aktuelle Bewilligungen Erteilt: In Bearbeitung: Weitere Bewilligungen F\u00fcr Eins\u00e4tze in anderen Kantonen, bitten wir Sie, uns fr\u00fchzeitig (min. zwei Wochen) anzufragen damit wir die Bewilligung f\u00fcr den jeweiligen Kanton beantragen k\u00f6nnen.<\/p>\n","protected":false},"author":1,"featured_media":0,"parent":0,"menu_order":0,"comment_status":"closed","ping_status":"closed","template":"","meta":{"footnotes":""},"class_list":["post-223","page","type-page","status-publish","hentry"],"_links":{"self":[{"href":"https:\/\/www.vdbh.ch\/index.php?rest_route=\/wp\/v2\/pages\/223","targetHints":{"allow":["GET"]}}],"collection":[{"href":"https:\/\/www.vdbh.ch\/index.php?rest_route=\/wp\/v2\/pages"}],"about":[{"href":"https:\/\/www.vdbh.ch\/index.php?rest_route=\/wp\/v2\/types\/page"}],"author":[{"embeddable":true,"href":"https:\/\/www.vdbh.ch\/index.php?rest_route=\/wp\/v2\/users\/1"}],"replies":[{"embeddable":true,"href":"https:\/\/www.vdbh.ch\/index.php?rest_route=%2Fwp%2Fv2%2Fcomments&post=223"}],"version-history":[{"count":13,"href":"https:\/\/www.vdbh.ch\/index.php?rest_route=\/wp\/v2\/pages\/223\/revisions"}],"predecessor-version":[{"id":342,"href":"https:\/\/www.vdbh.ch\/index.php?rest_route=\/wp\/v2\/pages\/223\/revisions\/342"}],"wp:attachment":[{"href":"https:\/\/www.vdbh.ch\/index.php?rest_route=%2Fwp%2Fv2%2Fmedia&parent=223"}],"curies":[{"name":"wp","href":"https:\/\/api.w.org\/{rel}","templated":true}]}}